{"id":36,"date":"2024-09-06T17:09:29","date_gmt":"2024-09-06T15:09:29","guid":{"rendered":"https:\/\/revel-consulting.fr\/?page_id=36"},"modified":"2025-01-30T15:50:53","modified_gmt":"2025-01-30T14:50:53","slug":"accueil","status":"publish","type":"page","link":"https:\/\/revel-consulting.fr\/","title":{"rendered":"Accueil"},"content":{"rendered":"\n<div class=\"wp-block-cover alignfull wp-duotone-rgb393785-rgb86100202-1\" style=\"min-height:800px;aspect-ratio:unset;\"><span aria-hidden=\"true\" class=\"wp-block-cover__background has-background-dim-0 has-background-dim\"><\/span><img decoding=\"async\" class=\"wp-block-cover__image-background\" alt=\"\" src=\"https:\/\/revel-consulting.fr\/wp-content\/themes\/neve\/assets\/img\/starter-content\/neve-hero-2.png\" style=\"object-position:50% 72%\" data-object-fit=\"cover\" data-object-position=\"50% 72%\"\/><div class=\"wp-block-cover__inner-container is-layout-flow wp-block-cover-is-layout-flow\">\n<div class=\"wp-block-columns are-vertically-aligned-center is-layout-flex wp-container-core-columns-is-layout-9d6595d7 wp-block-columns-is-layout-flex\">\n<div class=\"wp-block-column is-vertically-aligned-center is-layout-flow wp-block-column-is-layout-flow\" style=\"padding-right:var(--wp--preset--spacing--20);padding-left:var(--wp--preset--spacing--20);flex-basis:65%\">\n<h1 class=\"wp-block-heading has-text-align-left has-nv-text-dark-bg-color has-text-color\">R\u00e9v\u00e9lez intelligemment votre entreprise<\/h1>\n\n\n\n<p class=\"has-text-align-left has-nv-text-dark-bg-color has-text-color\" style=\"font-size:17px\">Aidez nous \u00e0 conna\u00eetre votre entreprise afin que nous la d\u00e9veloppions ensemble !<\/p>\n\n\n\n<div class=\"wp-block-buttons is-horizontal is-content-justification-left is-layout-flex wp-container-core-buttons-is-layout-7e5fce0a wp-block-buttons-is-layout-flex\">\n<div class=\"wp-block-button is-style-primary\"><a class=\"wp-block-button__link has-text-color has-background has-link-color wp-element-button\" href=\"https:\/\/revel-consulting.fr\/index.php\/contact\/\" style=\"color:#0a2279;background-color:#ffffff\">Comment ?<\/a><\/div>\n<\/div>\n\n\n\n<div style=\"height:100px\" aria-hidden=\"true\" class=\"wp-block-spacer\"><\/div>\n<\/div>\n\n\n\n<div class=\"wp-block-column is-vertically-aligned-center is-layout-flow wp-block-column-is-layout-flow\">\n<figure class=\"wp-block-image size-full\"><img loading=\"lazy\" decoding=\"async\" width=\"1020\" height=\"1458\" src=\"https:\/\/revel-consulting.fr\/wp-content\/uploads\/2024\/09\/image-2.png\" alt=\"\" class=\"wp-image-88\" srcset=\"https:\/\/revel-consulting.fr\/wp-content\/uploads\/2024\/09\/image-2.png 1020w, https:\/\/revel-consulting.fr\/wp-content\/uploads\/2024\/09\/image-2-210x300.png 210w, https:\/\/revel-consulting.fr\/wp-content\/uploads\/2024\/09\/image-2-716x1024.png 716w, https:\/\/revel-consulting.fr\/wp-content\/uploads\/2024\/09\/image-2-768x1098.png 768w\" sizes=\"auto, (max-width: 1020px) 100vw, 1020px\" \/><\/figure>\n<\/div>\n<\/div>\n<\/div><\/div>\n\n\n\n<div class=\"wp-block-group is-nowrap is-layout-flex wp-container-core-group-is-layout-ad2f72ca wp-block-group-is-layout-flex\">\n<div style=\"height:100px;width:0px\" aria-hidden=\"true\" class=\"wp-block-spacer wp-container-content-6388d5dc\"><\/div>\n\n\n\n<p class=\"has-text-align-center has-neve-link-color-color has-text-color has-link-color wp-elements-5a67ec02d7dea830ec991276266bd738\" style=\"font-size:25px\">&#8221; <strong>Les valeurs sont l&#8217;essence m\u00eame d&#8217;une entreprise. Chez Revel Consulting, nos valeurs, les trois &#8220;i&#8221; sont une garantie d&#8217;un travail de qualit\u00e9 !<\/strong> &#8220;<\/p>\n\n\n\n<div style=\"height:100px;width:0px\" aria-hidden=\"true\" class=\"wp-block-spacer wp-container-content-6388d5dc\"><\/div>\n<\/div>\n\n\n\n<p class=\"has-text-align-right has-text-color has-link-color wp-elements-64d27b99b410074ef23dda67cd24e36c\" style=\"color:#a3a3a3\">Laurent Altenburger<\/p>\n\n\n\n<div style=\"height:37px\" aria-hidden=\"true\" class=\"wp-block-spacer\"><\/div>\n\n\n\n<div class=\"wp-block-columns is-layout-flex wp-container-core-columns-is-layout-9d6595d7 wp-block-columns-is-layout-flex\">\n<div class=\"wp-block-column neve-duotone is-layout-flow wp-block-column-is-layout-flow\" style=\"padding-right:var(--wp--preset--spacing--30);padding-left:var(--wp--preset--spacing--30)\"><div class=\"wp-block-image icon-style is-style-default wp-duotone-rgb393785-rgb393785-2\">\n<figure class=\"aligncenter size-full has-custom-border\"><img loading=\"lazy\" decoding=\"async\" width=\"72\" height=\"72\" src=\"https:\/\/revel-consulting.fr\/wp-content\/uploads\/2024\/09\/image-1.png\" alt=\"\" class=\"wp-image-86\" style=\"border-radius:0px\" title=\"\"\/><\/figure>\n<\/div>\n\n\n<div style=\"height:16px\" aria-hidden=\"true\" class=\"wp-block-spacer\"><\/div>\n\n\n\n<h3 class=\"wp-block-heading has-text-align-center has-neve-text-color-color has-text-color\">Int\u00e9grit\u00e9<\/h3>\n\n\n\n<div style=\"height:6px\" aria-hidden=\"true\" class=\"wp-block-spacer\"><\/div>\n\n\n\n<p class=\"has-text-align-center\">L&#8217;int\u00e9grit\u00e9 : pilier fondamental de Revel Consulting. Transparence, honn\u00eatet\u00e9 et \u00e9thique sont nos ma\u00eetres mots !<\/p>\n\n\n\n<div style=\"height:20px\" aria-hidden=\"true\" class=\"wp-block-spacer\"><\/div>\n<\/div>\n\n\n\n<div class=\"wp-block-column is-layout-flow wp-block-column-is-layout-flow\" style=\"padding-right:var(--wp--preset--spacing--30);padding-left:var(--wp--preset--spacing--30)\"><div class=\"wp-block-image icon-style is-style-default wp-duotone-rgb393785-rgb393785-3\">\n<figure class=\"aligncenter size-full has-custom-border\"><img loading=\"lazy\" decoding=\"async\" width=\"73\" height=\"72\" src=\"https:\/\/revel-consulting.fr\/wp-content\/uploads\/2024\/09\/image-3.png\" alt=\"\" class=\"wp-image-87\" style=\"border-radius:0px\" title=\"\"\/><\/figure>\n<\/div>\n\n\n<div style=\"height:16px\" aria-hidden=\"true\" class=\"wp-block-spacer\"><\/div>\n\n\n\n<h3 class=\"wp-block-heading has-text-align-center has-neve-text-color-color has-text-color\">Innovation<\/h3>\n\n\n\n<div style=\"height:2px\" aria-hidden=\"true\" class=\"wp-block-spacer\"><\/div>\n\n\n\n<p class=\"has-text-align-center\">Nous croyons en l&#8217;importance de l&#8217;innovation pour rester comp\u00e9titifs et offrir des solutions avant-gardistes \u00e0 nos clients.<\/p>\n\n\n\n<div style=\"height:20px\" aria-hidden=\"true\" class=\"wp-block-spacer\"><\/div>\n<\/div>\n\n\n\n<div class=\"wp-block-column is-layout-flow wp-block-column-is-layout-flow\" style=\"padding-right:var(--wp--preset--spacing--30);padding-left:var(--wp--preset--spacing--30)\"><div class=\"wp-block-image icon-style is-style-default wp-duotone-rgb393785-rgb393785-4\">\n<figure class=\"aligncenter size-full has-custom-border\"><img loading=\"lazy\" decoding=\"async\" width=\"73\" height=\"72\" src=\"https:\/\/revel-consulting.fr\/wp-content\/uploads\/2024\/09\/image.png\" alt=\"\" class=\"wp-image-85\" style=\"border-radius:0px\" title=\"\"\/><\/figure>\n<\/div>\n\n\n<div style=\"height:16px\" aria-hidden=\"true\" class=\"wp-block-spacer\"><\/div>\n\n\n\n<h3 class=\"wp-block-heading has-text-align-center has-neve-text-color-color has-text-color\">Intelligence Collective<\/h3>\n\n\n\n<div style=\"height:1px\" aria-hidden=\"true\" class=\"wp-block-spacer\"><\/div>\n\n\n\n<p class=\"has-text-align-center\">La collaboration entre toutes les parties est plus que n\u00e9c\u00e9ssaire pour g\u00e9n\u00e9rer des id\u00e9es et des solutions novatrices.<\/p>\n\n\n\n<p> <\/p>\n<\/div>\n<\/div>\n\n\n\n<div class=\"wp-block-cover alignwide\" style=\"border-style:none;border-width:0px;border-radius:63px;min-height:1030px;aspect-ratio:unset;\"><span aria-hidden=\"true\" class=\"wp-block-cover__background has-nv-light-bg-background-color has-background-dim-80 has-background-dim\"><\/span><div class=\"wp-block-cover__inner-container is-layout-flow wp-block-cover-is-layout-flow\">\n<div class=\"wp-block-group\"><div class=\"wp-block-group__inner-container is-layout-flow wp-block-group-is-layout-flow\">\n<div class=\"wp-block-columns is-layout-flex wp-container-core-columns-is-layout-9d6595d7 wp-block-columns-is-layout-flex\">\n<div class=\"wp-block-column is-layout-flow wp-block-column-is-layout-flow\" style=\"padding-right:0;padding-left:0;flex-basis:20%\">\n<div class=\"wp-block-group is-vertical is-content-justification-center is-layout-flex wp-container-core-group-is-layout-4b2eccd6 wp-block-group-is-layout-flex\"><\/div>\n<\/div>\n\n\n\n<div class=\"wp-block-column is-layout-flow wp-block-column-is-layout-flow\" style=\"flex-basis:60%\">\n<h2 class=\"wp-block-heading has-text-align-center has-neve-text-color-color has-text-color has-link-color wp-elements-a9d45eb0b2c20770dd4d8e3c8034cbf0\">A Clever Collaboration !<\/h2>\n\n\n\n<div class=\"wp-block-group is-vertical is-content-justification-center is-layout-flex wp-container-core-group-is-layout-4b2eccd6 wp-block-group-is-layout-flex\">\n<div style=\"height:0px\" aria-hidden=\"true\" class=\"wp-block-spacer wp-container-content-541a6b20\"><\/div>\n\n\n\n<p class=\"has-text-align-center has-neve-text-color-color has-text-color has-link-color wp-elements-6881bd468ba1d28dfe979e4a30696fd0\">Revel Consulting propose divers services en lien avec la gestion et le pilotage d&#8217;entreprise, le management mais \u00e9galement la gestion d&#8217;infrastructure informatique.<\/p>\n<\/div>\n<\/div>\n\n\n\n<div class=\"wp-block-column is-layout-flow wp-block-column-is-layout-flow\" style=\"flex-basis:20%\">\n<div class=\"wp-block-group is-vertical is-content-justification-center is-layout-flex wp-container-core-group-is-layout-4b2eccd6 wp-block-group-is-layout-flex\">\n<div style=\"height:0px\" aria-hidden=\"true\" class=\"wp-block-spacer wp-container-content-6388d5dc\"><\/div>\n<\/div>\n<\/div>\n<\/div>\n\n\n\n<div class=\"wp-block-columns are-vertically-aligned-center is-layout-flex wp-container-core-columns-is-layout-9d6595d7 wp-block-columns-is-layout-flex\">\n<div class=\"wp-block-column is-vertically-aligned-center is-layout-flow wp-block-column-is-layout-flow\" style=\"padding-right:var(--wp--preset--spacing--30);padding-left:var(--wp--preset--spacing--30);flex-basis:50%\">\n<figure class=\"wp-block-image size-full has-custom-border\"><img decoding=\"async\" src=\"http:\/\/revel-consulting.fr\/wp-content\/uploads\/2024\/09\/20943566-2.jpg\" alt=\"\" class=\"wp-image-69\" style=\"border-radius:16px\"\/><\/figure>\n\n\n\n<div style=\"height:0px\" aria-hidden=\"true\" class=\"wp-block-spacer\"><\/div>\n\n\n\n<h3 class=\"wp-block-heading has-text-align-center has-neve-text-color-color has-text-color\">Pilotage d&#8217;entreprise<\/h3>\n\n\n\n<div style=\"height:24px\" aria-hidden=\"true\" class=\"wp-block-spacer\"><\/div>\n\n\n\n<div style=\"height:40px\" aria-hidden=\"true\" class=\"wp-block-spacer\"><\/div>\n<\/div>\n\n\n\n<div class=\"wp-block-column is-vertically-aligned-center is-layout-flow wp-block-column-is-layout-flow\" style=\"padding-right:var(--wp--preset--spacing--30);padding-left:var(--wp--preset--spacing--30);flex-basis:50%\">\n<figure class=\"wp-block-image size-full has-custom-border\"><img loading=\"lazy\" decoding=\"async\" width=\"2560\" height=\"1707\" src=\"https:\/\/revel-consulting.fr\/wp-content\/uploads\/2024\/09\/20945429-1-scaled.jpg\" alt=\"\" class=\"wp-image-70\" style=\"border-radius:16px\" srcset=\"https:\/\/revel-consulting.fr\/wp-content\/uploads\/2024\/09\/20945429-1-scaled.jpg 2560w, https:\/\/revel-consulting.fr\/wp-content\/uploads\/2024\/09\/20945429-1-300x200.jpg 300w, https:\/\/revel-consulting.fr\/wp-content\/uploads\/2024\/09\/20945429-1-1024x683.jpg 1024w, https:\/\/revel-consulting.fr\/wp-content\/uploads\/2024\/09\/20945429-1-768x512.jpg 768w, https:\/\/revel-consulting.fr\/wp-content\/uploads\/2024\/09\/20945429-1-1536x1024.jpg 1536w, https:\/\/revel-consulting.fr\/wp-content\/uploads\/2024\/09\/20945429-1-2048x1365.jpg 2048w, https:\/\/revel-consulting.fr\/wp-content\/uploads\/2024\/09\/20945429-1-930x620.jpg 930w\" sizes=\"auto, (max-width: 2560px) 100vw, 2560px\" \/><\/figure>\n\n\n\n<div style=\"height:33px\" aria-hidden=\"true\" class=\"wp-block-spacer\"><\/div>\n\n\n\n<h3 class=\"wp-block-heading has-text-align-center has-neve-text-color-color has-text-color\">Optimisation des Syst\u00e8mes d&#8217;Information<\/h3>\n<\/div>\n<\/div>\n<\/div><\/div>\n<\/div><\/div>\n\n\n\n<div style=\"height:100px\" aria-hidden=\"true\" class=\"wp-block-spacer\"><\/div>\n\n\n\n<div class=\"wp-block-cover aligncenter has-nv-text-dark-bg-color has-text-color has-link-color has-small-font-size wp-elements-a529fb3cda3f6fb46762c460c463b1a6 wp-duotone-unset-5\" style=\"border-radius:58px;min-height:474px;aspect-ratio:unset;\"><span aria-hidden=\"true\" class=\"wp-block-cover__background has-background-dim-100 has-background-dim has-background-gradient\" style=\"background:linear-gradient(135deg,rgb(39,37,85) 0%,rgb(40,116,252) 100%)\"><\/span><div class=\"wp-block-cover__inner-container is-layout-flow wp-block-cover-is-layout-flow\">\n<div style=\"height:66px\" aria-hidden=\"true\" class=\"wp-block-spacer\"><\/div>\n\n\n\n<div class=\"wp-block-columns is-layout-flex wp-container-core-columns-is-layout-9d6595d7 wp-block-columns-is-layout-flex\">\n<div class=\"wp-block-column is-layout-flow wp-block-column-is-layout-flow\" style=\"flex-basis:20%\"><\/div>\n\n\n\n<div class=\"wp-block-column is-layout-flow wp-block-column-is-layout-flow\" style=\"flex-basis:60%\">\n<div class=\"wp-block-group\"><div class=\"wp-block-group__inner-container is-layout-constrained wp-block-group-is-layout-constrained\">\n<h2 class=\"wp-block-heading has-text-align-center has-nv-text-dark-bg-color has-text-color\">Prendre contact est d\u00e9j\u00e0 un premier pas vers votre plein potentiel<\/h2>\n\n\n\n<p class=\"has-text-align-center has-nv-text-dark-bg-color has-text-color has-link-color wp-elements-dcfdbecee2532e2d16f32c511d2c21bd\">N&#8217;h\u00e9sitez pas \u00e0 contacter Revel Consulting pour toutes questions, devis ou demandes !<\/p>\n\n\n\n<div class=\"wp-block-buttons is-horizontal is-content-justification-center is-layout-flex wp-container-core-buttons-is-layout-499968f5 wp-block-buttons-is-layout-flex\">\n<div class=\"wp-block-button is-style-primary\"><a class=\"wp-block-button__link has-neve-link-color-color has-text-color has-background has-link-color wp-element-button\" href=\"https:\/\/revel-consulting.fr\/index.php\/contact\/\" style=\"background-color:#ffffff\">\u00c0 vous de jouer !<\/a><\/div>\n<\/div>\n<\/div><\/div>\n<\/div>\n\n\n\n<div class=\"wp-block-column is-layout-flow wp-block-column-is-layout-flow\" style=\"flex-basis:20%\"><\/div>\n<\/div>\n\n\n\n<div style=\"height:38px\" aria-hidden=\"true\" class=\"wp-block-spacer\"><\/div>\n<\/div><\/div>\n\n\n\n<div style=\"height:52px\" aria-hidden=\"true\" class=\"wp-block-spacer\"><\/div>\n","protected":false},"excerpt":{"rendered":"<p>&#8221; Les valeurs sont l&#8217;essence m\u00eame d&#8217;une entreprise. Chez Revel Consulting, nos valeurs, les trois &#8220;i&#8221; sont une garantie d&#8217;un travail de qualit\u00e9 ! &#8220; Laurent Altenburger Int\u00e9grit\u00e9 L&#8217;int\u00e9grit\u00e9 : pilier fondamental de Revel Consulting. Transparence, honn\u00eatet\u00e9 et \u00e9thique sont nos ma\u00eetres mots ! Innovation Nous croyons en l&#8217;importance de l&#8217;innovation pour rester comp\u00e9titifs et&hellip;&nbsp;<a href=\"https:\/\/revel-consulting.fr\/\" rel=\"bookmark\">Read More &raquo;<span class=\"screen-reader-text\">Accueil<\/span><\/a><\/p>\n","protected":false},"author":1,"featured_media":0,"parent":0,"menu_order":0,"comment_status":"closed","ping_status":"closed","template":"","meta":{"content-type":"","neve_meta_sidebar":"","neve_meta_container":"full-width","neve_meta_enable_content_width":"on","neve_meta_content_width":100,"neve_meta_title_alignment":"left","neve_meta_author_avatar":"","neve_post_elements_order":"","neve_meta_disable_header":"","neve_meta_disable_footer":"","neve_meta_disable_title":"on","footnotes":""},"class_list":["post-36","page","type-page","status-publish","hentry"],"yoast_head":"<!-- This site is optimized with the Yoast SEO plugin v26.6 - https:\/\/yoast.com\/wordpress\/plugins\/seo\/ -->\n<title>Accueil - Revel Consulting<\/title>\n<meta name=\"description\" content=\"Revel Consulting vous aide \u00e0 r\u00e9v\u00e9ler le potentiel de votre entreprise \u00e0 travers des constats et des audits personnalis\u00e9s et adapt\u00e9s.\" \/>\n<meta name=\"robots\" content=\"index, follow, max-snippet:-1, max-image-preview:large, max-video-preview:-1\" \/>\n<link rel=\"canonical\" href=\"https:\/\/revel-consulting.fr\/\" \/>\n<meta property=\"og:locale\" content=\"en_US\" \/>\n<meta property=\"og:type\" content=\"article\" \/>\n<meta property=\"og:title\" content=\"Accueil - Revel Consulting\" \/>\n<meta property=\"og:description\" content=\"Revel Consulting vous aide \u00e0 r\u00e9v\u00e9ler le potentiel de votre entreprise \u00e0 travers des constats et des audits personnalis\u00e9s et adapt\u00e9s.\" \/>\n<meta property=\"og:url\" content=\"https:\/\/revel-consulting.fr\/\" \/>\n<meta property=\"og:site_name\" content=\"Revel Consulting\" \/>\n<meta property=\"article:modified_time\" content=\"2025-01-30T14:50:53+00:00\" \/>\n<meta property=\"og:image\" content=\"https:\/\/revel-consulting.fr\/wp-content\/themes\/neve\/assets\/img\/starter-content\/neve-hero-2.png\" \/>\n<meta name=\"twitter:card\" content=\"summary_large_image\" \/>\n<meta name=\"twitter:label1\" content=\"Est. reading time\" \/>\n\t<meta name=\"twitter:data1\" content=\"3 minutes\" \/>\n<script type=\"application\/ld+json\" class=\"yoast-schema-graph\">{\"@context\":\"https:\/\/schema.org\",\"@graph\":[{\"@type\":\"WebPage\",\"@id\":\"https:\/\/revel-consulting.fr\/\",\"url\":\"https:\/\/revel-consulting.fr\/\",\"name\":\"Accueil - Revel Consulting\",\"isPartOf\":{\"@id\":\"https:\/\/revel-consulting.fr\/#website\"},\"primaryImageOfPage\":{\"@id\":\"https:\/\/revel-consulting.fr\/#primaryimage\"},\"image\":{\"@id\":\"https:\/\/revel-consulting.fr\/#primaryimage\"},\"thumbnailUrl\":\"https:\/\/revel-consulting.fr\/wp-content\/themes\/neve\/assets\/img\/starter-content\/neve-hero-2.png\",\"datePublished\":\"2024-09-06T15:09:29+00:00\",\"dateModified\":\"2025-01-30T14:50:53+00:00\",\"description\":\"Revel Consulting vous aide \u00e0 r\u00e9v\u00e9ler le potentiel de votre entreprise \u00e0 travers des constats et des audits personnalis\u00e9s et adapt\u00e9s.\",\"breadcrumb\":{\"@id\":\"https:\/\/revel-consulting.fr\/#breadcrumb\"},\"inLanguage\":\"en-US\",\"potentialAction\":[{\"@type\":\"ReadAction\",\"target\":[\"https:\/\/revel-consulting.fr\/\"]}]},{\"@type\":\"ImageObject\",\"inLanguage\":\"en-US\",\"@id\":\"https:\/\/revel-consulting.fr\/#primaryimage\",\"url\":\"https:\/\/revel-consulting.fr\/wp-content\/themes\/neve\/assets\/img\/starter-content\/neve-hero-2.png\",\"contentUrl\":\"https:\/\/revel-consulting.fr\/wp-content\/themes\/neve\/assets\/img\/starter-content\/neve-hero-2.png\"},{\"@type\":\"BreadcrumbList\",\"@id\":\"https:\/\/revel-consulting.fr\/#breadcrumb\",\"itemListElement\":[{\"@type\":\"ListItem\",\"position\":1,\"name\":\"Accueil\",\"item\":\"https:\/\/revel-consulting.fr\/\"},{\"@type\":\"ListItem\",\"position\":2,\"name\":\"Accueil\"}]},{\"@type\":\"WebSite\",\"@id\":\"https:\/\/revel-consulting.fr\/#website\",\"url\":\"https:\/\/revel-consulting.fr\/\",\"name\":\"Revel Consulting\",\"description\":\"Revel intelligemment votre entreprise\",\"publisher\":{\"@id\":\"https:\/\/revel-consulting.fr\/#organization\"},\"potentialAction\":[{\"@type\":\"SearchAction\",\"target\":{\"@type\":\"EntryPoint\",\"urlTemplate\":\"https:\/\/revel-consulting.fr\/?s={search_term_string}\"},\"query-input\":{\"@type\":\"PropertyValueSpecification\",\"valueRequired\":true,\"valueName\":\"search_term_string\"}}],\"inLanguage\":\"en-US\"},{\"@type\":\"Organization\",\"@id\":\"https:\/\/revel-consulting.fr\/#organization\",\"name\":\"Revel Consulting\",\"url\":\"https:\/\/revel-consulting.fr\/\",\"logo\":{\"@type\":\"ImageObject\",\"inLanguage\":\"en-US\",\"@id\":\"https:\/\/revel-consulting.fr\/#\/schema\/logo\/image\/\",\"url\":\"https:\/\/revel-consulting.fr\/wp-content\/uploads\/2024\/09\/cropped-Logo-final.png\",\"contentUrl\":\"https:\/\/revel-consulting.fr\/wp-content\/uploads\/2024\/09\/cropped-Logo-final.png\",\"width\":512,\"height\":512,\"caption\":\"Revel Consulting\"},\"image\":{\"@id\":\"https:\/\/revel-consulting.fr\/#\/schema\/logo\/image\/\"},\"sameAs\":[\"https:\/\/www.linkedin.com\/company\/revel-consulting\"]}]}<\/script>\n<!-- \/ Yoast SEO plugin. -->","yoast_head_json":{"title":"Accueil - Revel Consulting","description":"Revel Consulting vous aide \u00e0 r\u00e9v\u00e9ler le potentiel de votre entreprise \u00e0 travers des constats et des audits personnalis\u00e9s et adapt\u00e9s.","robots":{"index":"index","follow":"follow","max-snippet":"max-snippet:-1","max-image-preview":"max-image-preview:large","max-video-preview":"max-video-preview:-1"},"canonical":"https:\/\/revel-consulting.fr\/","og_locale":"en_US","og_type":"article","og_title":"Accueil - Revel Consulting","og_description":"Revel Consulting vous aide \u00e0 r\u00e9v\u00e9ler le potentiel de votre entreprise \u00e0 travers des constats et des audits personnalis\u00e9s et adapt\u00e9s.","og_url":"https:\/\/revel-consulting.fr\/","og_site_name":"Revel Consulting","article_modified_time":"2025-01-30T14:50:53+00:00","og_image":[{"url":"https:\/\/revel-consulting.fr\/wp-content\/themes\/neve\/assets\/img\/starter-content\/neve-hero-2.png","type":"","width":"","height":""}],"twitter_card":"summary_large_image","twitter_misc":{"Est. reading time":"3 minutes"},"schema":{"@context":"https:\/\/schema.org","@graph":[{"@type":"WebPage","@id":"https:\/\/revel-consulting.fr\/","url":"https:\/\/revel-consulting.fr\/","name":"Accueil - Revel Consulting","isPartOf":{"@id":"https:\/\/revel-consulting.fr\/#website"},"primaryImageOfPage":{"@id":"https:\/\/revel-consulting.fr\/#primaryimage"},"image":{"@id":"https:\/\/revel-consulting.fr\/#primaryimage"},"thumbnailUrl":"https:\/\/revel-consulting.fr\/wp-content\/themes\/neve\/assets\/img\/starter-content\/neve-hero-2.png","datePublished":"2024-09-06T15:09:29+00:00","dateModified":"2025-01-30T14:50:53+00:00","description":"Revel Consulting vous aide \u00e0 r\u00e9v\u00e9ler le potentiel de votre entreprise \u00e0 travers des constats et des audits personnalis\u00e9s et adapt\u00e9s.","breadcrumb":{"@id":"https:\/\/revel-consulting.fr\/#breadcrumb"},"inLanguage":"en-US","potentialAction":[{"@type":"ReadAction","target":["https:\/\/revel-consulting.fr\/"]}]},{"@type":"ImageObject","inLanguage":"en-US","@id":"https:\/\/revel-consulting.fr\/#primaryimage","url":"https:\/\/revel-consulting.fr\/wp-content\/themes\/neve\/assets\/img\/starter-content\/neve-hero-2.png","contentUrl":"https:\/\/revel-consulting.fr\/wp-content\/themes\/neve\/assets\/img\/starter-content\/neve-hero-2.png"},{"@type":"BreadcrumbList","@id":"https:\/\/revel-consulting.fr\/#breadcrumb","itemListElement":[{"@type":"ListItem","position":1,"name":"Accueil","item":"https:\/\/revel-consulting.fr\/"},{"@type":"ListItem","position":2,"name":"Accueil"}]},{"@type":"WebSite","@id":"https:\/\/revel-consulting.fr\/#website","url":"https:\/\/revel-consulting.fr\/","name":"Revel Consulting","description":"Revel intelligemment votre entreprise","publisher":{"@id":"https:\/\/revel-consulting.fr\/#organization"},"potentialAction":[{"@type":"SearchAction","target":{"@type":"EntryPoint","urlTemplate":"https:\/\/revel-consulting.fr\/?s={search_term_string}"},"query-input":{"@type":"PropertyValueSpecification","valueRequired":true,"valueName":"search_term_string"}}],"inLanguage":"en-US"},{"@type":"Organization","@id":"https:\/\/revel-consulting.fr\/#organization","name":"Revel Consulting","url":"https:\/\/revel-consulting.fr\/","logo":{"@type":"ImageObject","inLanguage":"en-US","@id":"https:\/\/revel-consulting.fr\/#\/schema\/logo\/image\/","url":"https:\/\/revel-consulting.fr\/wp-content\/uploads\/2024\/09\/cropped-Logo-final.png","contentUrl":"https:\/\/revel-consulting.fr\/wp-content\/uploads\/2024\/09\/cropped-Logo-final.png","width":512,"height":512,"caption":"Revel Consulting"},"image":{"@id":"https:\/\/revel-consulting.fr\/#\/schema\/logo\/image\/"},"sameAs":["https:\/\/www.linkedin.com\/company\/revel-consulting"]}]}},"_links":{"self":[{"href":"https:\/\/revel-consulting.fr\/index.php\/wp-json\/wp\/v2\/pages\/36","targetHints":{"allow":["GET"]}}],"collection":[{"href":"https:\/\/revel-consulting.fr\/index.php\/wp-json\/wp\/v2\/pages"}],"about":[{"href":"https:\/\/revel-consulting.fr\/index.php\/wp-json\/wp\/v2\/types\/page"}],"author":[{"embeddable":true,"href":"https:\/\/revel-consulting.fr\/index.php\/wp-json\/wp\/v2\/users\/1"}],"replies":[{"embeddable":true,"href":"https:\/\/revel-consulting.fr\/index.php\/wp-json\/wp\/v2\/comments?post=36"}],"version-history":[{"count":29,"href":"https:\/\/revel-consulting.fr\/index.php\/wp-json\/wp\/v2\/pages\/36\/revisions"}],"predecessor-version":[{"id":215,"href":"https:\/\/revel-consulting.fr\/index.php\/wp-json\/wp\/v2\/pages\/36\/revisions\/215"}],"wp:attachment":[{"href":"https:\/\/revel-consulting.fr\/index.php\/wp-json\/wp\/v2\/media?parent=36"}],"curies":[{"name":"wp","href":"https:\/\/api.w.org\/{rel}","templated":true}]}}