{"id":39,"date":"2024-09-06T17:12:52","date_gmt":"2024-09-06T15:12:52","guid":{"rendered":"https:\/\/revel-consulting.fr\/?page_id=39"},"modified":"2024-10-19T17:20:28","modified_gmt":"2024-10-19T15:20:28","slug":"portofolio","status":"publish","type":"page","link":"https:\/\/revel-consulting.fr\/index.php\/portofolio\/","title":{"rendered":"Nos Services"},"content":{"rendered":"\n<details class=\"wp-block-details has-neve-link-hover-color-color has-text-color has-link-color wp-elements-a963c11d8019af1ce3f72ec8276b61ca is-layout-flow wp-block-details-is-layout-flow\" style=\"font-size:27px\"><summary>Co-pilotage d&#8217;entreprise<\/summary>\n<div class=\"wp-block-group\"><div class=\"wp-block-group__inner-container is-layout-constrained wp-block-group-is-layout-constrained\">\n<p><\/p>\n\n\n<div class=\"wp-block-image\">\n<figure class=\"aligncenter size-full is-resized\"><img loading=\"lazy\" decoding=\"async\" width=\"640\" height=\"427\" src=\"https:\/\/revel-consulting.fr\/wp-content\/uploads\/2024\/10\/startup-3267505_640.jpg\" alt=\"\" class=\"wp-image-176\" style=\"width:282px;height:auto\" srcset=\"https:\/\/revel-consulting.fr\/wp-content\/uploads\/2024\/10\/startup-3267505_640.jpg 640w, https:\/\/revel-consulting.fr\/wp-content\/uploads\/2024\/10\/startup-3267505_640-300x200.jpg 300w\" sizes=\"auto, (max-width: 640px) 100vw, 640px\" \/><\/figure>\n<\/div><\/div><\/div>\n<\/details>\n\n\n\n<div style=\"height:40px\" aria-hidden=\"true\" class=\"wp-block-spacer\"><\/div>\n\n\n\n<details class=\"wp-block-details has-neve-link-hover-color-color has-text-color has-link-color wp-elements-75bb64eade1bc7b95a8c184cb1a91f3f is-layout-flow wp-block-details-is-layout-flow\" style=\"font-size:27px\"><summary>Consultant en Informatique et Syst\u00e8mes d&#8217;Information<\/summary>\n<div class=\"wp-block-group is-nowrap is-layout-flex wp-container-core-group-is-layout-ad2f72ca wp-block-group-is-layout-flex\"><div class=\"wp-block-image is-style-default wp-duotone-unset-1\">\n<figure class=\"aligncenter size-full is-resized\"><img loading=\"lazy\" decoding=\"async\" width=\"640\" height=\"362\" src=\"https:\/\/revel-consulting.fr\/wp-content\/uploads\/2024\/10\/ai-generated-9008728_640.jpg\" alt=\"\" class=\"wp-image-177\" style=\"width:304px;height:auto\" srcset=\"https:\/\/revel-consulting.fr\/wp-content\/uploads\/2024\/10\/ai-generated-9008728_640.jpg 640w, https:\/\/revel-consulting.fr\/wp-content\/uploads\/2024\/10\/ai-generated-9008728_640-300x170.jpg 300w\" sizes=\"auto, (max-width: 640px) 100vw, 640px\" \/><\/figure>\n<\/div>\n\n\n<ul style=\"padding-right:3em;padding-left:3em\" class=\"wp-block-list has-nv-c-2-color has-text-color has-link-color has-medium-font-size wp-elements-9752cee93e6bb5279526c11685490e46\">\n<li>Audit des syst\u00e8mes d&#8217;information : Analyse compl\u00e8te de l&#8217;infrastructure informatique (serveurs, r\u00e9seaux, bases de donn\u00e9es) pour identifier les points d&#8217;am\u00e9lioration.<\/li>\n\n\n\n<li class=\"has-medium-font-size\">Conception et architecture de solutions IT : D\u00e9finition de strat\u00e9gies technologiques adapt\u00e9es aux besoins de l&#8217;entreprise.<\/li>\n\n\n\n<li>Gestion de projet IT : Pilotage de projets depuis la phase de conception jusqu&#8217;\u00e0 la mise en \u0153uvre et le suivi.<\/li>\n<\/ul>\n<\/div>\n<\/details>\n\n\n\n<div style=\"height:40px\" aria-hidden=\"true\" class=\"wp-block-spacer\"><\/div>\n\n\n\n<details class=\"wp-block-details has-neve-link-hover-color-color has-text-color has-link-color wp-elements-b2b24a52eb400e541352811aecba2b86 is-layout-flow wp-block-details-is-layout-flow\" style=\"font-size:27px\"><summary>D\u00e9veloppement de Logiciels et Applications<\/summary>\n<div class=\"wp-block-group is-nowrap is-layout-flex wp-container-core-group-is-layout-ad2f72ca wp-block-group-is-layout-flex\"><div class=\"wp-block-image is-style-default wp-duotone-unset-2\">\n<figure class=\"aligncenter size-full is-resized\"><img loading=\"lazy\" decoding=\"async\" width=\"640\" height=\"427\" src=\"https:\/\/revel-consulting.fr\/wp-content\/uploads\/2024\/10\/software-development-6523979_640.jpg\" alt=\"\" class=\"wp-image-178\" style=\"width:304px\" srcset=\"https:\/\/revel-consulting.fr\/wp-content\/uploads\/2024\/10\/software-development-6523979_640.jpg 640w, https:\/\/revel-consulting.fr\/wp-content\/uploads\/2024\/10\/software-development-6523979_640-300x200.jpg 300w\" sizes=\"auto, (max-width: 640px) 100vw, 640px\" \/><\/figure>\n<\/div>\n\n\n<ul style=\"padding-right:3em;padding-left:3em\" class=\"wp-block-list has-nv-c-2-color has-text-color has-link-color has-medium-font-size wp-elements-50eccb4b7555cc7f28157466eb9425d6\">\n<li>D\u00e9veloppement sur mesure : Cr\u00e9ation d&#8217;applications sp\u00e9cifiques en C\/C++, SQL, Windev, Windev Mobile pour r\u00e9pondre aux besoins uniques des entreprises.<\/li>\n\n\n\n<li class=\"has-medium-font-size\">Optimisation et maintenance de logiciels : Am\u00e9lioration des performances, mise \u00e0 jour et support technique pour des solutions existantes.<\/li>\n<\/ul>\n<\/div>\n<\/details>\n\n\n\n<div style=\"height:39px\" aria-hidden=\"true\" class=\"wp-block-spacer\"><\/div>\n\n\n\n<details class=\"wp-block-details has-neve-link-hover-color-color has-text-color has-link-color wp-elements-a05948558bf43edcc735b7d9a9d683da is-layout-flow wp-block-details-is-layout-flow\" style=\"font-size:27px\"><summary>Gestion et S\u00e9curit\u00e9 des Infrastructures IT<\/summary>\n<div class=\"wp-block-group is-nowrap is-layout-flex wp-container-core-group-is-layout-ad2f72ca wp-block-group-is-layout-flex\"><div class=\"wp-block-image\">\n<figure class=\"aligncenter size-full is-resized\"><img loading=\"lazy\" decoding=\"async\" width=\"640\" height=\"447\" src=\"https:\/\/revel-consulting.fr\/wp-content\/uploads\/2024\/10\/security-3742114_640.jpg\" alt=\"\" class=\"wp-image-181\" style=\"width:304px\" srcset=\"https:\/\/revel-consulting.fr\/wp-content\/uploads\/2024\/10\/security-3742114_640.jpg 640w, https:\/\/revel-consulting.fr\/wp-content\/uploads\/2024\/10\/security-3742114_640-300x210.jpg 300w\" sizes=\"auto, (max-width: 640px) 100vw, 640px\" \/><\/figure>\n<\/div>\n\n\n<ul style=\"padding-right:3em;padding-left:3em\" class=\"wp-block-list has-nv-c-2-color has-text-color has-link-color has-medium-font-size wp-elements-a6acddc447d3fb13bbd6ff9daddd9ea2\">\n<li>Administration de serveurs : Gestion des serveurs sous Windows\/Linux et des bases de donn\u00e9es SQL Server.<\/li>\n\n\n\n<li class=\"has-medium-font-size\">Mise en place de solutions de virtualisation (VMware) : Optimisation des ressources informatiques gr\u00e2ce \u00e0 la virtualisation.<\/li>\n\n\n\n<li>S\u00e9curit\u00e9 des syst\u00e8mes et conformit\u00e9 RGPD : Mise en place de politiques de s\u00e9curit\u00e9 informatique et conformit\u00e9 aux r\u00e9glementations (RGPD).<\/li>\n<\/ul>\n<\/div>\n<\/details>\n\n\n\n<div style=\"height:40px\" aria-hidden=\"true\" class=\"wp-block-spacer\"><\/div>\n\n\n\n<details class=\"wp-block-details has-neve-link-hover-color-color has-text-color has-link-color wp-elements-f0298e9f00b0006335249eb5ce84b03c is-layout-flow wp-block-details-is-layout-flow\" style=\"font-size:27px\"><summary>Conseil en Industrialisation et Gestion des Processus<\/summary>\n<div class=\"wp-block-group is-nowrap is-layout-flex wp-container-core-group-is-layout-ad2f72ca wp-block-group-is-layout-flex\">\n<figure class=\"wp-block-image size-full is-resized\"><img loading=\"lazy\" decoding=\"async\" width=\"640\" height=\"478\" src=\"https:\/\/revel-consulting.fr\/wp-content\/uploads\/2024\/10\/refinery-3127588_640.jpg\" alt=\"\" class=\"wp-image-183\" style=\"width:304px\" srcset=\"https:\/\/revel-consulting.fr\/wp-content\/uploads\/2024\/10\/refinery-3127588_640.jpg 640w, https:\/\/revel-consulting.fr\/wp-content\/uploads\/2024\/10\/refinery-3127588_640-300x224.jpg 300w\" sizes=\"auto, (max-width: 640px) 100vw, 640px\" \/><\/figure>\n\n\n\n<ul style=\"padding-right:3em;padding-left:3em\" class=\"wp-block-list has-nv-c-2-color has-text-color has-link-color has-medium-font-size wp-elements-30fd00954492198fa9e806b6828d8866\">\n<li>Supervision des infrastructures : Gestion et suivi des infrastructures physiques et informatiques (b\u00e2timents, r\u00e9seaux, serveurs).<\/li>\n\n\n\n<li class=\"has-medium-font-size\">Industrialisation des processus IT : D\u00e9finition et mise en \u0153uvre de strat\u00e9gies d&#8217;automatisation et d&#8217;optimisation des processus industriels et informatiques.<\/li>\n<\/ul>\n<\/div>\n<\/details>\n\n\n\n<div style=\"height:40px\" aria-hidden=\"true\" class=\"wp-block-spacer\"><\/div>\n\n\n\n<details class=\"wp-block-details has-neve-link-hover-color-color has-text-color has-link-color wp-elements-c5cd30667043da69fc81e22e94a9dad4 is-layout-flow wp-block-details-is-layout-flow\" style=\"font-size:27px\"><summary>Formation et Support<\/summary>\n<div class=\"wp-block-group is-nowrap is-layout-flex wp-container-core-group-is-layout-ad2f72ca wp-block-group-is-layout-flex\"><div class=\"wp-block-image\">\n<figure class=\"aligncenter size-full is-resized\"><img loading=\"lazy\" decoding=\"async\" width=\"640\" height=\"428\" src=\"https:\/\/revel-consulting.fr\/wp-content\/uploads\/2024\/10\/artificial-intelligence-2167835_640.jpg\" alt=\"\" class=\"wp-image-185\" style=\"width:300px\" srcset=\"https:\/\/revel-consulting.fr\/wp-content\/uploads\/2024\/10\/artificial-intelligence-2167835_640.jpg 640w, https:\/\/revel-consulting.fr\/wp-content\/uploads\/2024\/10\/artificial-intelligence-2167835_640-300x201.jpg 300w\" sizes=\"auto, (max-width: 640px) 100vw, 640px\" \/><\/figure>\n<\/div>\n\n\n<ul style=\"padding-right:3em;padding-left:3em\" class=\"wp-block-list has-nv-c-2-color has-text-color has-link-color has-medium-font-size wp-elements-a42870f73266786d60aa90d7ec1125e7\">\n<li>Formations en d\u00e9veloppement et gestion IT : Sessions de formation sur des outils sp\u00e9cifiques comme CEGID, Windev, Windev Mobile, Photoshop, ou GIMP.<\/li>\n\n\n\n<li class=\"has-medium-font-size\">Support technique : Assistance sur l&#8217;administration de syst\u00e8mes, la s\u00e9curit\u00e9 informatique, et la gestion des bases de donn\u00e9es.<\/li>\n<\/ul>\n<\/div>\n<\/details>\n\n\n\n<div style=\"height:40px\" aria-hidden=\"true\" class=\"wp-block-spacer\"><\/div>\n\n\n\n<details class=\"wp-block-details has-neve-link-hover-color-color has-text-color has-link-color wp-elements-5583211f99d3375caee461559eddb24e is-layout-flow wp-block-details-is-layout-flow\" style=\"font-size:27px\"><summary>Solutions de Continuit\u00e9 d&#8217;Activit\u00e9 (PCA\/PRA)<\/summary>\n<div class=\"wp-block-group is-content-justification-left is-nowrap is-layout-flex wp-container-core-group-is-layout-f56a869c wp-block-group-is-layout-flex\">\n<figure class=\"wp-block-image size-full is-resized\"><img loading=\"lazy\" decoding=\"async\" width=\"640\" height=\"427\" src=\"https:\/\/revel-consulting.fr\/wp-content\/uploads\/2024\/10\/hand-3685829_640.jpg\" alt=\"\" class=\"wp-image-208\" style=\"width:300px\" srcset=\"https:\/\/revel-consulting.fr\/wp-content\/uploads\/2024\/10\/hand-3685829_640.jpg 640w, https:\/\/revel-consulting.fr\/wp-content\/uploads\/2024\/10\/hand-3685829_640-300x200.jpg 300w\" sizes=\"auto, (max-width: 640px) 100vw, 640px\" \/><\/figure>\n\n\n\n<ul style=\"padding-right:3em;padding-left:3em\" class=\"wp-block-list has-nv-c-2-color has-text-color has-link-color has-medium-font-size wp-elements-6e385aa58f6c2303a73fa5ba954d6512\">\n<li>Mise en place de PCA\/PRA : \u00c9laboration de plans de continuit\u00e9 et reprise d&#8217;activit\u00e9 pour assurer la p\u00e9rennit\u00e9 de l&#8217;entreprise en cas de panne ou sinistre.<\/li>\n<\/ul>\n<\/div>\n<\/details>\n\n\n\n<div style=\"height:100px\" aria-hidden=\"true\" class=\"wp-block-spacer\"><\/div>\n\n\n\n<div class=\"wp-block-cover alignfull\" style=\"min-height:300px;aspect-ratio:unset;\"><span aria-hidden=\"true\" class=\"wp-block-cover__background has-neve-link-color-background-color has-background-dim-100 has-background-dim\"><\/span><div class=\"wp-block-cover__inner-container is-layout-flow wp-block-cover-is-layout-flow\">\n<div style=\"height:140px\" aria-hidden=\"true\" class=\"wp-block-spacer\"><\/div>\n\n\n\n<div class=\"wp-block-columns is-layout-flex wp-container-core-columns-is-layout-9d6595d7 wp-block-columns-is-layout-flex\">\n<div class=\"wp-block-column is-layout-flow wp-block-column-is-layout-flow\" style=\"flex-basis:20%\"><\/div>\n\n\n\n<div class=\"wp-block-column is-layout-flow wp-block-column-is-layout-flow\" style=\"flex-basis:60%\">\n<div class=\"wp-block-group\"><div class=\"wp-block-group__inner-container is-layout-constrained wp-block-group-is-layout-constrained\">\n<h2 class=\"wp-block-heading has-text-align-center has-nv-text-dark-bg-color has-text-color\">Let\u2019s work together on your next project<\/h2>\n\n\n\n<p class=\"has-text-align-center has-nv-text-dark-bg-color has-text-color has-link-color wp-elements-a9eb1a80c8a131efd28ce1b43cb234fd\"><\/p>\n\n\n\n<div class=\"wp-block-buttons is-horizontal is-content-justification-center is-layout-flex wp-container-core-buttons-is-layout-499968f5 wp-block-buttons-is-layout-flex\">\n<div class=\"wp-block-button is-style-primary\"><a class=\"wp-block-button__link has-neve-link-color-color has-text-color has-background has-link-color wp-element-button\" href=\"https:\/\/revel-consulting.fr\/index.php\/contact\/\" style=\"background-color:#ffffff\">Get Started<\/a><\/div>\n<\/div>\n<\/div><\/div>\n<\/div>\n\n\n\n<div class=\"wp-block-column is-layout-flow wp-block-column-is-layout-flow\" style=\"flex-basis:20%\"><\/div>\n<\/div>\n\n\n\n<div style=\"height:140px\" aria-hidden=\"true\" class=\"wp-block-spacer\"><\/div>\n<\/div><\/div>\n","protected":false},"excerpt":{"rendered":"","protected":false},"author":1,"featured_media":0,"parent":0,"menu_order":0,"comment_status":"closed","ping_status":"closed","template":"","meta":{"content-type":"","neve_meta_sidebar":"","neve_meta_container":"","neve_meta_enable_content_width":"on","neve_meta_content_width":100,"neve_meta_title_alignment":"","neve_meta_author_avatar":"","neve_post_elements_order":"","neve_meta_disable_header":"","neve_meta_disable_footer":"","neve_meta_disable_title":"on","footnotes":""},"class_list":["post-39","page","type-page","status-publish","hentry"],"yoast_head":"<!-- This site is optimized with the Yoast SEO plugin v26.6 - https:\/\/yoast.com\/wordpress\/plugins\/seo\/ -->\n<title>Nos Services - Revel Consulting<\/title>\n<meta name=\"robots\" content=\"index, follow, max-snippet:-1, max-image-preview:large, max-video-preview:-1\" \/>\n<link rel=\"canonical\" href=\"https:\/\/revel-consulting.fr\/index.php\/portofolio\/\" \/>\n<meta property=\"og:locale\" content=\"en_US\" \/>\n<meta property=\"og:type\" content=\"article\" \/>\n<meta property=\"og:title\" content=\"Nos Services - Revel Consulting\" \/>\n<meta property=\"og:url\" content=\"https:\/\/revel-consulting.fr\/index.php\/portofolio\/\" \/>\n<meta property=\"og:site_name\" content=\"Revel Consulting\" \/>\n<meta property=\"article:modified_time\" content=\"2024-10-19T15:20:28+00:00\" \/>\n<meta property=\"og:image\" content=\"https:\/\/revel-consulting.fr\/wp-content\/uploads\/2024\/10\/startup-3267505_640.jpg\" \/>\n\t<meta property=\"og:image:width\" content=\"640\" \/>\n\t<meta property=\"og:image:height\" content=\"427\" \/>\n\t<meta property=\"og:image:type\" content=\"image\/jpeg\" \/>\n<meta name=\"twitter:card\" content=\"summary_large_image\" \/>\n<meta name=\"twitter:label1\" content=\"Est. reading time\" \/>\n\t<meta name=\"twitter:data1\" content=\"3 minutes\" \/>\n<script type=\"application\/ld+json\" class=\"yoast-schema-graph\">{\"@context\":\"https:\/\/schema.org\",\"@graph\":[{\"@type\":\"WebPage\",\"@id\":\"https:\/\/revel-consulting.fr\/index.php\/portofolio\/\",\"url\":\"https:\/\/revel-consulting.fr\/index.php\/portofolio\/\",\"name\":\"Nos Services - Revel Consulting\",\"isPartOf\":{\"@id\":\"https:\/\/revel-consulting.fr\/#website\"},\"primaryImageOfPage\":{\"@id\":\"https:\/\/revel-consulting.fr\/index.php\/portofolio\/#primaryimage\"},\"image\":{\"@id\":\"https:\/\/revel-consulting.fr\/index.php\/portofolio\/#primaryimage\"},\"thumbnailUrl\":\"https:\/\/revel-consulting.fr\/wp-content\/uploads\/2024\/10\/startup-3267505_640.jpg\",\"datePublished\":\"2024-09-06T15:12:52+00:00\",\"dateModified\":\"2024-10-19T15:20:28+00:00\",\"breadcrumb\":{\"@id\":\"https:\/\/revel-consulting.fr\/index.php\/portofolio\/#breadcrumb\"},\"inLanguage\":\"en-US\",\"potentialAction\":[{\"@type\":\"ReadAction\",\"target\":[\"https:\/\/revel-consulting.fr\/index.php\/portofolio\/\"]}]},{\"@type\":\"ImageObject\",\"inLanguage\":\"en-US\",\"@id\":\"https:\/\/revel-consulting.fr\/index.php\/portofolio\/#primaryimage\",\"url\":\"https:\/\/revel-consulting.fr\/wp-content\/uploads\/2024\/10\/startup-3267505_640.jpg\",\"contentUrl\":\"https:\/\/revel-consulting.fr\/wp-content\/uploads\/2024\/10\/startup-3267505_640.jpg\",\"width\":640,\"height\":427},{\"@type\":\"BreadcrumbList\",\"@id\":\"https:\/\/revel-consulting.fr\/index.php\/portofolio\/#breadcrumb\",\"itemListElement\":[{\"@type\":\"ListItem\",\"position\":1,\"name\":\"Accueil\",\"item\":\"https:\/\/revel-consulting.fr\/\"},{\"@type\":\"ListItem\",\"position\":2,\"name\":\"Nos Services\"}]},{\"@type\":\"WebSite\",\"@id\":\"https:\/\/revel-consulting.fr\/#website\",\"url\":\"https:\/\/revel-consulting.fr\/\",\"name\":\"Revel Consulting\",\"description\":\"Revel intelligemment votre entreprise\",\"publisher\":{\"@id\":\"https:\/\/revel-consulting.fr\/#organization\"},\"potentialAction\":[{\"@type\":\"SearchAction\",\"target\":{\"@type\":\"EntryPoint\",\"urlTemplate\":\"https:\/\/revel-consulting.fr\/?s={search_term_string}\"},\"query-input\":{\"@type\":\"PropertyValueSpecification\",\"valueRequired\":true,\"valueName\":\"search_term_string\"}}],\"inLanguage\":\"en-US\"},{\"@type\":\"Organization\",\"@id\":\"https:\/\/revel-consulting.fr\/#organization\",\"name\":\"Revel Consulting\",\"url\":\"https:\/\/revel-consulting.fr\/\",\"logo\":{\"@type\":\"ImageObject\",\"inLanguage\":\"en-US\",\"@id\":\"https:\/\/revel-consulting.fr\/#\/schema\/logo\/image\/\",\"url\":\"https:\/\/revel-consulting.fr\/wp-content\/uploads\/2024\/09\/cropped-Logo-final.png\",\"contentUrl\":\"https:\/\/revel-consulting.fr\/wp-content\/uploads\/2024\/09\/cropped-Logo-final.png\",\"width\":512,\"height\":512,\"caption\":\"Revel Consulting\"},\"image\":{\"@id\":\"https:\/\/revel-consulting.fr\/#\/schema\/logo\/image\/\"},\"sameAs\":[\"https:\/\/www.linkedin.com\/company\/revel-consulting\"]}]}<\/script>\n<!-- \/ Yoast SEO plugin. -->","yoast_head_json":{"title":"Nos Services - Revel Consulting","robots":{"index":"index","follow":"follow","max-snippet":"max-snippet:-1","max-image-preview":"max-image-preview:large","max-video-preview":"max-video-preview:-1"},"canonical":"https:\/\/revel-consulting.fr\/index.php\/portofolio\/","og_locale":"en_US","og_type":"article","og_title":"Nos Services - Revel Consulting","og_url":"https:\/\/revel-consulting.fr\/index.php\/portofolio\/","og_site_name":"Revel Consulting","article_modified_time":"2024-10-19T15:20:28+00:00","og_image":[{"width":640,"height":427,"url":"https:\/\/revel-consulting.fr\/wp-content\/uploads\/2024\/10\/startup-3267505_640.jpg","type":"image\/jpeg"}],"twitter_card":"summary_large_image","twitter_misc":{"Est. reading time":"3 minutes"},"schema":{"@context":"https:\/\/schema.org","@graph":[{"@type":"WebPage","@id":"https:\/\/revel-consulting.fr\/index.php\/portofolio\/","url":"https:\/\/revel-consulting.fr\/index.php\/portofolio\/","name":"Nos Services - Revel Consulting","isPartOf":{"@id":"https:\/\/revel-consulting.fr\/#website"},"primaryImageOfPage":{"@id":"https:\/\/revel-consulting.fr\/index.php\/portofolio\/#primaryimage"},"image":{"@id":"https:\/\/revel-consulting.fr\/index.php\/portofolio\/#primaryimage"},"thumbnailUrl":"https:\/\/revel-consulting.fr\/wp-content\/uploads\/2024\/10\/startup-3267505_640.jpg","datePublished":"2024-09-06T15:12:52+00:00","dateModified":"2024-10-19T15:20:28+00:00","breadcrumb":{"@id":"https:\/\/revel-consulting.fr\/index.php\/portofolio\/#breadcrumb"},"inLanguage":"en-US","potentialAction":[{"@type":"ReadAction","target":["https:\/\/revel-consulting.fr\/index.php\/portofolio\/"]}]},{"@type":"ImageObject","inLanguage":"en-US","@id":"https:\/\/revel-consulting.fr\/index.php\/portofolio\/#primaryimage","url":"https:\/\/revel-consulting.fr\/wp-content\/uploads\/2024\/10\/startup-3267505_640.jpg","contentUrl":"https:\/\/revel-consulting.fr\/wp-content\/uploads\/2024\/10\/startup-3267505_640.jpg","width":640,"height":427},{"@type":"BreadcrumbList","@id":"https:\/\/revel-consulting.fr\/index.php\/portofolio\/#breadcrumb","itemListElement":[{"@type":"ListItem","position":1,"name":"Accueil","item":"https:\/\/revel-consulting.fr\/"},{"@type":"ListItem","position":2,"name":"Nos Services"}]},{"@type":"WebSite","@id":"https:\/\/revel-consulting.fr\/#website","url":"https:\/\/revel-consulting.fr\/","name":"Revel Consulting","description":"Revel intelligemment votre entreprise","publisher":{"@id":"https:\/\/revel-consulting.fr\/#organization"},"potentialAction":[{"@type":"SearchAction","target":{"@type":"EntryPoint","urlTemplate":"https:\/\/revel-consulting.fr\/?s={search_term_string}"},"query-input":{"@type":"PropertyValueSpecification","valueRequired":true,"valueName":"search_term_string"}}],"inLanguage":"en-US"},{"@type":"Organization","@id":"https:\/\/revel-consulting.fr\/#organization","name":"Revel Consulting","url":"https:\/\/revel-consulting.fr\/","logo":{"@type":"ImageObject","inLanguage":"en-US","@id":"https:\/\/revel-consulting.fr\/#\/schema\/logo\/image\/","url":"https:\/\/revel-consulting.fr\/wp-content\/uploads\/2024\/09\/cropped-Logo-final.png","contentUrl":"https:\/\/revel-consulting.fr\/wp-content\/uploads\/2024\/09\/cropped-Logo-final.png","width":512,"height":512,"caption":"Revel Consulting"},"image":{"@id":"https:\/\/revel-consulting.fr\/#\/schema\/logo\/image\/"},"sameAs":["https:\/\/www.linkedin.com\/company\/revel-consulting"]}]}},"_links":{"self":[{"href":"https:\/\/revel-consulting.fr\/index.php\/wp-json\/wp\/v2\/pages\/39","targetHints":{"allow":["GET"]}}],"collection":[{"href":"https:\/\/revel-consulting.fr\/index.php\/wp-json\/wp\/v2\/pages"}],"about":[{"href":"https:\/\/revel-consulting.fr\/index.php\/wp-json\/wp\/v2\/types\/page"}],"author":[{"embeddable":true,"href":"https:\/\/revel-consulting.fr\/index.php\/wp-json\/wp\/v2\/users\/1"}],"replies":[{"embeddable":true,"href":"https:\/\/revel-consulting.fr\/index.php\/wp-json\/wp\/v2\/comments?post=39"}],"version-history":[{"count":25,"href":"https:\/\/revel-consulting.fr\/index.php\/wp-json\/wp\/v2\/pages\/39\/revisions"}],"predecessor-version":[{"id":212,"href":"https:\/\/revel-consulting.fr\/index.php\/wp-json\/wp\/v2\/pages\/39\/revisions\/212"}],"wp:attachment":[{"href":"https:\/\/revel-consulting.fr\/index.php\/wp-json\/wp\/v2\/media?parent=39"}],"curies":[{"name":"wp","href":"https:\/\/api.w.org\/{rel}","templated":true}]}}