{"id":40,"date":"2024-09-06T17:12:52","date_gmt":"2024-09-06T15:12:52","guid":{"rendered":"https:\/\/revel-consulting.fr\/?page_id=40"},"modified":"2024-09-24T10:49:14","modified_gmt":"2024-09-24T08:49:14","slug":"details-du-projet","status":"publish","type":"page","link":"https:\/\/revel-consulting.fr\/index.php\/details-du-projet\/","title":{"rendered":"\u00c0 propos"},"content":{"rendered":"\n<div class=\"wp-block-cover alignfull\" style=\"min-height:213px;aspect-ratio:unset;\"><span aria-hidden=\"true\" class=\"wp-block-cover__background has-nv-site-bg-background-color has-background-dim-100 has-background-dim\"><\/span><div class=\"wp-block-cover__inner-container is-layout-flow wp-block-cover-is-layout-flow\">\n<div class=\"wp-block-group\" style=\"padding-right:var(--wp--preset--spacing--30);padding-left:var(--wp--preset--spacing--30)\"><div class=\"wp-block-group__inner-container is-layout-flow wp-block-group-is-layout-flow\">\n<div class=\"wp-block-columns are-vertically-aligned-center is-layout-flex wp-container-core-columns-is-layout-9d6595d7 wp-block-columns-is-layout-flex\">\n<div class=\"wp-block-column is-vertically-aligned-center is-layout-flow wp-block-column-is-layout-flow\" style=\"flex-basis:100%\">\n<div style=\"height:24px\" aria-hidden=\"true\" class=\"wp-block-spacer\"><\/div>\n\n\n\n<div style=\"height:0px\" aria-hidden=\"true\" class=\"wp-block-spacer\"><\/div>\n\n\n\n<h2 class=\"wp-block-heading has-text-align-left has-neve-text-color-color has-text-color\">\u00c0 propos&#8230;<\/h2>\n\n\n\n<p class=\"has-text-align-center has-neve-text-color-color has-text-color\" style=\"font-size:22px\">Partir d&#8217;un simple mot, la base de notre entreprise : &#8220;Clever&#8221; pour en faire r\u00e9v\u00e9ler tout le contenu, c&#8217;est comme \u00e7a que Revel Consulting est n\u00e9 !<\/p>\n<\/div>\n<\/div>\n<\/div><\/div>\n<\/div><\/div>\n\n\n\n<h3 class=\"wp-block-heading\">Revel Consulting<\/h3>\n\n\n\n<p>Chez Revel Consulting, nous mettons \u00e0 profit plus de 30 ans d&#8217;exp\u00e9rience en gestion, pilotage et d\u00e9veloppement de projets pour aider nos clients \u00e0 renforcer et optimiser leurs syst\u00e8mes d&#8217;information. Fond\u00e9e par Laurent Altenburger, un expert chevronn\u00e9 en management informatique, Revel Consulting se sp\u00e9cialise dans l&#8217;accompagnement des entreprises dans leur transformation digitale et leur gestion op\u00e9rationnelle.<\/p>\n\n\n\n<p><em>C&#8217;est une exp\u00e9rience de plus de 30ans en gestion, pilotage et d\u00e9veloppement de projets pour optimiser et piloter  <\/em> <\/p>\n\n\n\n<h3 class=\"wp-block-heading\">Une expertise<\/h3>\n\n\n\n<p><em>Laurent Altenburger, fondateur de Revel Consulting, a dirig\u00e9 avec succ\u00e8s des \u00e9quipes et des projets complexes dans des environnements vari\u00e9s, allant de la gestion des infrastructures IT, de l&#8217;industrialisation des processus de production et de la gestion et pilotage d&#8217;entreprise. <\/em><\/p>\n\n\n\n<p><\/p>\n\n\n\n<h3 class=\"wp-block-heading\">Des valeurs<\/h3>\n\n\n\n<p>Chez Revel Consulting, nous croyons en l&#8217;importance de l&#8217;innovation, de la rigueur et de l&#8217;engagement. Nous travaillons main dans la main avec nos clients pour leur offrir des solutions sur mesure, adapt\u00e9es \u00e0 leurs besoins sp\u00e9cifiques et \u00e0 leurs objectifs strat\u00e9giques. Notre approche est centr\u00e9e sur la qualit\u00e9, la s\u00e9curit\u00e9 et la performance, assurant ainsi des r\u00e9sultats durables et mesurables.<\/p>\n\n\n\n<h3 class=\"wp-block-heading\">Des missions<\/h3>\n\n\n\n<p><em>Nous nous engageons \u00e0 fournir un service de conseil qui d\u00e9passe les attentes, en aidant les entreprises \u00e0 naviguer dans un environnement technologique en constante \u00e9volution. Que ce soit pour des projets de d\u00e9veloppement, de gestion de l&#8217;infrastructure ou de pilotage d&#8217;entreprise, nous apportons une vision strat\u00e9gique et une expertise technique pointue pour faire de chaque projet un succ\u00e8s.<\/em><\/p>\n\n\n\n<div class=\"wp-block-cover alignfull\" style=\"min-height:300px;aspect-ratio:unset;\"><span aria-hidden=\"true\" class=\"wp-block-cover__background has-neve-link-color-background-color has-background-dim-100 has-background-dim\"><\/span><div class=\"wp-block-cover__inner-container is-layout-flow wp-block-cover-is-layout-flow\">\n<div style=\"height:140px\" aria-hidden=\"true\" class=\"wp-block-spacer\"><\/div>\n\n\n\n<div class=\"wp-block-columns is-layout-flex wp-container-core-columns-is-layout-9d6595d7 wp-block-columns-is-layout-flex\">\n<div class=\"wp-block-column is-layout-flow wp-block-column-is-layout-flow\" style=\"flex-basis:20%\"><\/div>\n\n\n\n<div class=\"wp-block-column is-layout-flow wp-block-column-is-layout-flow\" style=\"flex-basis:60%\">\n<div class=\"wp-block-group\"><div class=\"wp-block-group__inner-container is-layout-constrained wp-block-group-is-layout-constrained\">\n<h2 class=\"wp-block-heading has-text-align-center has-nv-text-dark-bg-color has-text-color\">Travaillons ensemble \u00e0 d\u00e9velopper votre Entreprise<\/h2>\n\n\n\n<div class=\"wp-block-buttons is-horizontal is-content-justification-center is-layout-flex wp-container-core-buttons-is-layout-499968f5 wp-block-buttons-is-layout-flex\">\n<div class=\"wp-block-button is-style-primary\"><a class=\"wp-block-button__link has-neve-link-color-color has-text-color has-background has-link-color wp-element-button\" href=\"https:\/\/revel-consulting.fr\/contact\/\" style=\"background-color:#ffffff\">Get Started<\/a><\/div>\n<\/div>\n<\/div><\/div>\n<\/div>\n\n\n\n<div class=\"wp-block-column is-layout-flow wp-block-column-is-layout-flow\" style=\"flex-basis:20%\"><\/div>\n<\/div>\n\n\n\n<div style=\"height:140px\" aria-hidden=\"true\" class=\"wp-block-spacer\"><\/div>\n<\/div><\/div>\n","protected":false},"excerpt":{"rendered":"<p>Revel Consulting Chez Revel Consulting, nous mettons \u00e0 profit plus de 30 ans d&#8217;exp\u00e9rience en gestion, pilotage et d\u00e9veloppement de projets pour aider nos clients \u00e0 renforcer et optimiser leurs syst\u00e8mes d&#8217;information. Fond\u00e9e par Laurent Altenburger, un expert chevronn\u00e9 en management informatique, Revel Consulting se sp\u00e9cialise dans l&#8217;accompagnement des entreprises dans leur transformation digitale et&hellip;&nbsp;<a href=\"https:\/\/revel-consulting.fr\/index.php\/details-du-projet\/\" rel=\"bookmark\">Read More &raquo;<span class=\"screen-reader-text\">\u00c0 propos<\/span><\/a><\/p>\n","protected":false},"author":1,"featured_media":0,"parent":0,"menu_order":0,"comment_status":"closed","ping_status":"closed","template":"","meta":{"content-type":"","neve_meta_sidebar":"","neve_meta_container":"","neve_meta_enable_content_width":"on","neve_meta_content_width":100,"neve_meta_title_alignment":"","neve_meta_author_avatar":"","neve_post_elements_order":"","neve_meta_disable_header":"","neve_meta_disable_footer":"","neve_meta_disable_title":"on","footnotes":""},"class_list":["post-40","page","type-page","status-publish","hentry"],"yoast_head":"<!-- This site is optimized with the Yoast SEO plugin v26.6 - https:\/\/yoast.com\/wordpress\/plugins\/seo\/ -->\n<title>\u00c0 propos - Revel Consulting<\/title>\n<meta name=\"robots\" content=\"index, follow, max-snippet:-1, max-image-preview:large, max-video-preview:-1\" \/>\n<link rel=\"canonical\" href=\"https:\/\/revel-consulting.fr\/index.php\/details-du-projet\/\" \/>\n<meta property=\"og:locale\" content=\"en_US\" \/>\n<meta property=\"og:type\" content=\"article\" \/>\n<meta property=\"og:title\" content=\"\u00c0 propos - Revel Consulting\" \/>\n<meta property=\"og:description\" content=\"Revel Consulting Chez Revel Consulting, nous mettons \u00e0 profit plus de 30 ans d&#8217;exp\u00e9rience en gestion, pilotage et d\u00e9veloppement de projets pour aider nos clients \u00e0 renforcer et optimiser leurs syst\u00e8mes d&#8217;information. Fond\u00e9e par Laurent Altenburger, un expert chevronn\u00e9 en management informatique, Revel Consulting se sp\u00e9cialise dans l&#8217;accompagnement des entreprises dans leur transformation digitale et&hellip;&nbsp;Read More &raquo;\u00c0 propos\" \/>\n<meta property=\"og:url\" content=\"https:\/\/revel-consulting.fr\/index.php\/details-du-projet\/\" \/>\n<meta property=\"og:site_name\" content=\"Revel Consulting\" \/>\n<meta property=\"article:modified_time\" content=\"2024-09-24T08:49:14+00:00\" \/>\n<meta name=\"twitter:card\" content=\"summary_large_image\" \/>\n<meta name=\"twitter:label1\" content=\"Est. reading time\" \/>\n\t<meta name=\"twitter:data1\" content=\"2 minutes\" \/>\n<script type=\"application\/ld+json\" class=\"yoast-schema-graph\">{\"@context\":\"https:\/\/schema.org\",\"@graph\":[{\"@type\":\"WebPage\",\"@id\":\"https:\/\/revel-consulting.fr\/index.php\/details-du-projet\/\",\"url\":\"https:\/\/revel-consulting.fr\/index.php\/details-du-projet\/\",\"name\":\"\u00c0 propos - Revel Consulting\",\"isPartOf\":{\"@id\":\"https:\/\/revel-consulting.fr\/#website\"},\"datePublished\":\"2024-09-06T15:12:52+00:00\",\"dateModified\":\"2024-09-24T08:49:14+00:00\",\"breadcrumb\":{\"@id\":\"https:\/\/revel-consulting.fr\/index.php\/details-du-projet\/#breadcrumb\"},\"inLanguage\":\"en-US\",\"potentialAction\":[{\"@type\":\"ReadAction\",\"target\":[\"https:\/\/revel-consulting.fr\/index.php\/details-du-projet\/\"]}]},{\"@type\":\"BreadcrumbList\",\"@id\":\"https:\/\/revel-consulting.fr\/index.php\/details-du-projet\/#breadcrumb\",\"itemListElement\":[{\"@type\":\"ListItem\",\"position\":1,\"name\":\"Accueil\",\"item\":\"https:\/\/revel-consulting.fr\/\"},{\"@type\":\"ListItem\",\"position\":2,\"name\":\"\u00c0 propos\"}]},{\"@type\":\"WebSite\",\"@id\":\"https:\/\/revel-consulting.fr\/#website\",\"url\":\"https:\/\/revel-consulting.fr\/\",\"name\":\"Revel Consulting\",\"description\":\"Revel intelligemment votre entreprise\",\"publisher\":{\"@id\":\"https:\/\/revel-consulting.fr\/#organization\"},\"potentialAction\":[{\"@type\":\"SearchAction\",\"target\":{\"@type\":\"EntryPoint\",\"urlTemplate\":\"https:\/\/revel-consulting.fr\/?s={search_term_string}\"},\"query-input\":{\"@type\":\"PropertyValueSpecification\",\"valueRequired\":true,\"valueName\":\"search_term_string\"}}],\"inLanguage\":\"en-US\"},{\"@type\":\"Organization\",\"@id\":\"https:\/\/revel-consulting.fr\/#organization\",\"name\":\"Revel Consulting\",\"url\":\"https:\/\/revel-consulting.fr\/\",\"logo\":{\"@type\":\"ImageObject\",\"inLanguage\":\"en-US\",\"@id\":\"https:\/\/revel-consulting.fr\/#\/schema\/logo\/image\/\",\"url\":\"https:\/\/revel-consulting.fr\/wp-content\/uploads\/2024\/09\/cropped-Logo-final.png\",\"contentUrl\":\"https:\/\/revel-consulting.fr\/wp-content\/uploads\/2024\/09\/cropped-Logo-final.png\",\"width\":512,\"height\":512,\"caption\":\"Revel Consulting\"},\"image\":{\"@id\":\"https:\/\/revel-consulting.fr\/#\/schema\/logo\/image\/\"},\"sameAs\":[\"https:\/\/www.linkedin.com\/company\/revel-consulting\"]}]}<\/script>\n<!-- \/ Yoast SEO plugin. -->","yoast_head_json":{"title":"\u00c0 propos - Revel Consulting","robots":{"index":"index","follow":"follow","max-snippet":"max-snippet:-1","max-image-preview":"max-image-preview:large","max-video-preview":"max-video-preview:-1"},"canonical":"https:\/\/revel-consulting.fr\/index.php\/details-du-projet\/","og_locale":"en_US","og_type":"article","og_title":"\u00c0 propos - Revel Consulting","og_description":"Revel Consulting Chez Revel Consulting, nous mettons \u00e0 profit plus de 30 ans d&#8217;exp\u00e9rience en gestion, pilotage et d\u00e9veloppement de projets pour aider nos clients \u00e0 renforcer et optimiser leurs syst\u00e8mes d&#8217;information. Fond\u00e9e par Laurent Altenburger, un expert chevronn\u00e9 en management informatique, Revel Consulting se sp\u00e9cialise dans l&#8217;accompagnement des entreprises dans leur transformation digitale et&hellip;&nbsp;Read More &raquo;\u00c0 propos","og_url":"https:\/\/revel-consulting.fr\/index.php\/details-du-projet\/","og_site_name":"Revel Consulting","article_modified_time":"2024-09-24T08:49:14+00:00","twitter_card":"summary_large_image","twitter_misc":{"Est. reading time":"2 minutes"},"schema":{"@context":"https:\/\/schema.org","@graph":[{"@type":"WebPage","@id":"https:\/\/revel-consulting.fr\/index.php\/details-du-projet\/","url":"https:\/\/revel-consulting.fr\/index.php\/details-du-projet\/","name":"\u00c0 propos - Revel Consulting","isPartOf":{"@id":"https:\/\/revel-consulting.fr\/#website"},"datePublished":"2024-09-06T15:12:52+00:00","dateModified":"2024-09-24T08:49:14+00:00","breadcrumb":{"@id":"https:\/\/revel-consulting.fr\/index.php\/details-du-projet\/#breadcrumb"},"inLanguage":"en-US","potentialAction":[{"@type":"ReadAction","target":["https:\/\/revel-consulting.fr\/index.php\/details-du-projet\/"]}]},{"@type":"BreadcrumbList","@id":"https:\/\/revel-consulting.fr\/index.php\/details-du-projet\/#breadcrumb","itemListElement":[{"@type":"ListItem","position":1,"name":"Accueil","item":"https:\/\/revel-consulting.fr\/"},{"@type":"ListItem","position":2,"name":"\u00c0 propos"}]},{"@type":"WebSite","@id":"https:\/\/revel-consulting.fr\/#website","url":"https:\/\/revel-consulting.fr\/","name":"Revel Consulting","description":"Revel intelligemment votre entreprise","publisher":{"@id":"https:\/\/revel-consulting.fr\/#organization"},"potentialAction":[{"@type":"SearchAction","target":{"@type":"EntryPoint","urlTemplate":"https:\/\/revel-consulting.fr\/?s={search_term_string}"},"query-input":{"@type":"PropertyValueSpecification","valueRequired":true,"valueName":"search_term_string"}}],"inLanguage":"en-US"},{"@type":"Organization","@id":"https:\/\/revel-consulting.fr\/#organization","name":"Revel Consulting","url":"https:\/\/revel-consulting.fr\/","logo":{"@type":"ImageObject","inLanguage":"en-US","@id":"https:\/\/revel-consulting.fr\/#\/schema\/logo\/image\/","url":"https:\/\/revel-consulting.fr\/wp-content\/uploads\/2024\/09\/cropped-Logo-final.png","contentUrl":"https:\/\/revel-consulting.fr\/wp-content\/uploads\/2024\/09\/cropped-Logo-final.png","width":512,"height":512,"caption":"Revel Consulting"},"image":{"@id":"https:\/\/revel-consulting.fr\/#\/schema\/logo\/image\/"},"sameAs":["https:\/\/www.linkedin.com\/company\/revel-consulting"]}]}},"_links":{"self":[{"href":"https:\/\/revel-consulting.fr\/index.php\/wp-json\/wp\/v2\/pages\/40","targetHints":{"allow":["GET"]}}],"collection":[{"href":"https:\/\/revel-consulting.fr\/index.php\/wp-json\/wp\/v2\/pages"}],"about":[{"href":"https:\/\/revel-consulting.fr\/index.php\/wp-json\/wp\/v2\/types\/page"}],"author":[{"embeddable":true,"href":"https:\/\/revel-consulting.fr\/index.php\/wp-json\/wp\/v2\/users\/1"}],"replies":[{"embeddable":true,"href":"https:\/\/revel-consulting.fr\/index.php\/wp-json\/wp\/v2\/comments?post=40"}],"version-history":[{"count":8,"href":"https:\/\/revel-consulting.fr\/index.php\/wp-json\/wp\/v2\/pages\/40\/revisions"}],"predecessor-version":[{"id":150,"href":"https:\/\/revel-consulting.fr\/index.php\/wp-json\/wp\/v2\/pages\/40\/revisions\/150"}],"wp:attachment":[{"href":"https:\/\/revel-consulting.fr\/index.php\/wp-json\/wp\/v2\/media?parent=40"}],"curies":[{"name":"wp","href":"https:\/\/api.w.org\/{rel}","templated":true}]}}